{"id":250,"date":"2026-03-19T14:35:17","date_gmt":"2026-03-19T14:35:17","guid":{"rendered":"https:\/\/home-partners.eu\/?page_id=250"},"modified":"2026-04-10T21:57:32","modified_gmt":"2026-04-10T21:57:32","slug":"politica-de-privacitat","status":"publish","type":"page","link":"https:\/\/home-partners.eu\/es\/politica-de-privacitat\/","title":{"rendered":"Pol\u00edtica de privacitat"},"content":{"rendered":"<div data-elementor-type=\"wp-post\" data-elementor-id=\"250\" class=\"elementor elementor-250\">\n\t\t\t\t<div class=\"elementor-element elementor-element-5e08714 e-flex e-con-boxed e-con e-parent\" data-id=\"5e08714\" data-element_type=\"container\" data-e-type=\"container\">\n\t\t\t\t\t<div class=\"e-con-inner\">\n\t\t\t\t<div class=\"elementor-element elementor-element-b1daf3f elementor-widget elementor-widget-heading\" data-id=\"b1daf3f\" data-element_type=\"widget\" data-e-type=\"widget\" data-widget_type=\"heading.default\">\n\t\t\t\t\t<h2 class=\"elementor-heading-title elementor-size-default\">Pol\u00edtica de Privacitat<\/h2>\t\t\t\t<\/div>\n\t\t\t\t<div class=\"elementor-element elementor-element-038d332 elementor-widget elementor-widget-text-editor\" data-id=\"038d332\" data-element_type=\"widget\" data-e-type=\"widget\" data-widget_type=\"text-editor.default\">\n\t\t\t\t\t\t\t\t\t<p>A <b data-path-to-node=\"5\" data-index-in-node=\"2\">Home Partners Consultors<\/b> (d&#8217;ara endavant, &#8220;Home Partners&#8221;), la confidencialitat i la protecci\u00f3 de les dades dels nostres clients s\u00f3n pilars fonamentals de la nostra relaci\u00f3 de confian\u00e7a. En compliment del Reglament General de Protecci\u00f3 de Dades (RGPD) i la normativa local aplicable, detallem com tractem la teva informaci\u00f3.<\/p>\t\t\t\t\t\t\t\t<\/div>\n\t\t\t\t<div class=\"elementor-element elementor-element-c5141c0 elementor-widget elementor-widget-heading\" data-id=\"c5141c0\" data-element_type=\"widget\" data-e-type=\"widget\" data-widget_type=\"heading.default\">\n\t\t\t\t\t<h3 class=\"elementor-heading-title elementor-size-default\">1. Responsable del Tractament<\/h3>\t\t\t\t<\/div>\n\t\t\t\t<div class=\"elementor-element elementor-element-1782942 elementor-widget elementor-widget-text-editor\" data-id=\"1782942\" data-element_type=\"widget\" data-e-type=\"widget\" data-widget_type=\"text-editor.default\">\n\t\t\t\t\t\t\t\t\t<p>El responsable del tractament de les dades recollides a trav\u00e9s d&#8217;aquest lloc web \u00e9s:<\/p><ul><li><p data-path-to-node=\"8,0,0\"><b data-path-to-node=\"8,0,0\" data-index-in-node=\"0\">Titulars:<\/b> Home Partners Consultors, SRL<\/p><\/li><li><p data-path-to-node=\"8,1,0\"><b data-path-to-node=\"8,1,0\" data-index-in-node=\"0\">Nom Comercial:<\/b> Home Partners<\/p><\/li><li><p data-path-to-node=\"8,2,0\"><b data-path-to-node=\"8,2,0\" data-index-in-node=\"0\">Activitat:<\/b> Consultoria immobili\u00e0ria i acompanyament en autopromoci\u00f3.<\/p><\/li><li><p data-path-to-node=\"8,3,0\"><b data-path-to-node=\"8,3,0\" data-index-in-node=\"0\">Contacte:<\/b>\u00a0<\/p><\/li><li><p data-path-to-node=\"8,3,0\">Correu electr\u00f2nic: lopd@home-partners.eu<\/p><\/li><li><p data-path-to-node=\"8,3,0\">Adre\u00e7a postal: C\/ Pompeu Fabra, 13, 2, despatx 13 08242 Manresa<\/p><\/li><\/ul>\t\t\t\t\t\t\t\t<\/div>\n\t\t\t\t<div class=\"elementor-element elementor-element-497dba3 elementor-widget elementor-widget-heading\" data-id=\"497dba3\" data-element_type=\"widget\" data-e-type=\"widget\" data-widget_type=\"heading.default\">\n\t\t\t\t\t<h3 class=\"elementor-heading-title elementor-size-default\">2. Finalitat del Tractament de Dades<\/h3>\t\t\t\t<\/div>\n\t\t\t\t<div class=\"elementor-element elementor-element-750ff8b elementor-widget elementor-widget-text-editor\" data-id=\"750ff8b\" data-element_type=\"widget\" data-e-type=\"widget\" data-widget_type=\"text-editor.default\">\n\t\t\t\t\t\t\t\t\t<p style=\"font-family: 'Google Sans Text', sans-serif !important; line-height: 1.15 !important; margin-top: 0px !important;\" data-path-to-node=\"10\"><span style=\"line-height: 1.15 !important; margin-top: 0px !important;\" data-path-to-node=\"10,1\">Les dades que ens proporciones seran utilitzades exclusivament per a les seg\u00fcents finalitats segons el servei sol\u00b7licitat<\/span><\/p><div style=\"font-family: 'Google Sans Text', sans-serif !important; line-height: 1.15 !important; margin-top: 0px !important;\">\u00a0<\/div><ul style=\"padding-inline-start: 32px; font-family: 'Google Sans Text', sans-serif !important; line-height: 1.15 !important; margin-top: 0px !important;\" data-path-to-node=\"11\"><li style=\"line-height: 1.15 !important; margin-top: 0px !important;\"><p style=\"line-height: 1.15 !important; margin-top: 0px !important;\" data-path-to-node=\"11,0,1\"><span style=\"line-height: 1.15 !important; margin-top: 0px !important;\" data-path-to-node=\"11,0,1,0\"><b style=\"line-height: 1.15 !important; margin-top: 0px !important;\" data-path-to-node=\"11,0,1,0\" data-index-in-node=\"0\"><span style=\"line-height: 1.15 !important; margin-top: 0px !important;\">Gesti\u00f3 de la Compra Acompanyada:<\/span><\/b><span style=\"line-height: 1.15 !important; margin-top: 0px !important;\"> Execuci\u00f3 del servei d&#8217;agent del comprador i defensa dels seus interessos<\/span><\/span><span style=\"line-height: 1.15 !important; margin-top: 0px !important;\" data-path-to-node=\"11,0,1,2\">.<\/span><\/p><div style=\"line-height: 1.15 !important; margin-top: 0px !important;\">\u00a0<\/div><\/li><li style=\"line-height: 1.15 !important; margin-top: 0px !important;\"><p style=\"line-height: 1.15 !important; margin-top: 0px !important;\" data-path-to-node=\"11,1,1\"><span style=\"line-height: 1.15 !important; margin-top: 0px !important;\" data-path-to-node=\"11,1,1,0\"><b style=\"line-height: 1.15 !important; margin-top: 0px !important;\" data-path-to-node=\"11,1,1,0\" data-index-in-node=\"0\"><span style=\"line-height: 1.15 !important; margin-top: 0px !important;\">Desenvolupament del Pla Full de Ruta i Autopromoci\u00f3 Acompanyada:<\/span><\/b><span style=\"line-height: 1.15 !important; margin-top: 0px !important;\"> Gesti\u00f3 de dades per a la definici\u00f3 de necessitats, pressupostos, valoraci\u00f3 de solars i control de certificacions d&#8217;obra<\/span><\/span><span style=\"line-height: 1.15 !important; margin-top: 0px !important;\" data-path-to-node=\"11,1,1,2\">.<\/span><\/p><div style=\"line-height: 1.15 !important; margin-top: 0px !important;\">\u00a0<\/div><\/li><li style=\"line-height: 1.15 !important; margin-top: 0px !important;\"><p style=\"line-height: 1.15 !important; margin-top: 0px !important;\" data-path-to-node=\"11,2,1\"><span style=\"line-height: 1.15 !important; margin-top: 0px !important;\" data-path-to-node=\"11,2,1,0\"><b style=\"line-height: 1.15 !important; margin-top: 0px !important;\" data-path-to-node=\"11,2,1,0\" data-index-in-node=\"0\"><span style=\"line-height: 1.15 !important; margin-top: 0px !important;\">Consultoria i Informes:<\/span><\/b><span style=\"line-height: 1.15 !important; margin-top: 0px !important;\"> Elaboraci\u00f3 d&#8217;informes de viabilitat, segones mirades de projectes i plans financers personalitzats<\/span><\/span><span style=\"line-height: 1.15 !important; margin-top: 0px !important;\" data-path-to-node=\"11,2,1,2\">.<\/span><\/p><div style=\"line-height: 1.15 !important; margin-top: 0px !important;\">\u00a0<\/div><\/li><li style=\"line-height: 1.15 !important; margin-top: 0px !important;\"><p style=\"line-height: 1.15 !important; margin-top: 0px !important;\" data-path-to-node=\"11,3,1\"><span style=\"line-height: 1.15 !important; margin-top: 0px !important;\" data-path-to-node=\"11,3,1,0\"><b style=\"line-height: 1.15 !important; margin-top: 0px !important;\" data-path-to-node=\"11,3,1,0\" data-index-in-node=\"0\"><span style=\"line-height: 1.15 !important; margin-top: 0px !important;\">Comunicaci\u00f3 Directa:<\/span><\/b><span style=\"line-height: 1.15 !important; margin-top: 0px !important;\"> Respondre consultes i agendar sessions estrat\u00e8giques<\/span><\/span><span style=\"line-height: 1.15 !important; margin-top: 0px !important;\" data-path-to-node=\"11,3,1,2\">.<\/span><\/p><\/li><\/ul>\t\t\t\t\t\t\t\t<\/div>\n\t\t\t\t<div class=\"elementor-element elementor-element-e1fd3ca elementor-widget elementor-widget-heading\" data-id=\"e1fd3ca\" data-element_type=\"widget\" data-e-type=\"widget\" data-widget_type=\"heading.default\">\n\t\t\t\t\t<h3 class=\"elementor-heading-title elementor-size-default\">3. Base Jur\u00eddica<\/h3>\t\t\t\t<\/div>\n\t\t\t\t<div class=\"elementor-element elementor-element-de6dce9 elementor-widget elementor-widget-text-editor\" data-id=\"de6dce9\" data-element_type=\"widget\" data-e-type=\"widget\" data-widget_type=\"text-editor.default\">\n\t\t\t\t\t\t\t\t\t<p data-path-to-node=\"13\">El tractament de les teves dades es basa en:<\/p><ol start=\"1\" data-path-to-node=\"14\"><li><p id=\"p-rc_ab6207191865a1bd-129\" data-path-to-node=\"14,0,1\"><span data-path-to-node=\"14,0,1,0\"><b data-path-to-node=\"14,0,1,0\" data-index-in-node=\"0\"><span class=\"citation-268\">L&#8217;execuci\u00f3 d&#8217;un contracte o precontracte:<\/span><\/b><span class=\"citation-268\"> Necessari per oferir els serveis de consultoria i acompanyament contractats<\/span><\/span><span data-path-to-node=\"14,0,1,2\">.<\/span><\/p><\/li><li><p id=\"p-rc_ab6207191865a1bd-129\" data-path-to-node=\"14,0,1\"><b data-path-to-node=\"14,1,0\" data-index-in-node=\"0\">El consentiment de l&#8217;interessat:<\/b> En omplir formularis de contacte o subscriure&#8217;t a comunicacions.<\/p><\/li><li><p data-path-to-node=\"14,2,0\"><b data-path-to-node=\"14,2,0\" data-index-in-node=\"0\">L&#8217;inter\u00e8s leg\u00edtim:<\/b> Per garantir la seguretat del lloc web i millorar els nostres serveis de consultoria.<\/p><\/li><\/ol>\t\t\t\t\t\t\t\t<\/div>\n\t\t\t\t<div class=\"elementor-element elementor-element-37c07f6 elementor-widget elementor-widget-heading\" data-id=\"37c07f6\" data-element_type=\"widget\" data-e-type=\"widget\" data-widget_type=\"heading.default\">\n\t\t\t\t\t<h3 class=\"elementor-heading-title elementor-size-default\">4. Conservaci\u00f3 de les Dades<\/h3>\t\t\t\t<\/div>\n\t\t\t\t<div class=\"elementor-element elementor-element-fca4584 elementor-widget elementor-widget-text-editor\" data-id=\"fca4584\" data-element_type=\"widget\" data-e-type=\"widget\" data-widget_type=\"text-editor.default\">\n\t\t\t\t\t\t\t\t\t<p data-path-to-node=\"16\"><span data-path-to-node=\"16,1\"><span class=\"citation-267\">Les dades personals es conservaran durant el temps necessari per a la prestaci\u00f3 del servei <\/span><\/span><span data-path-to-node=\"16,3\">i, posteriorment, durant els terminis de prescripci\u00f3 legalment establerts per fer front a possibles responsabilitats.<\/span><\/p>\t\t\t\t\t\t\t\t<\/div>\n\t\t\t\t<div class=\"elementor-element elementor-element-3cc1ba4 elementor-widget elementor-widget-heading\" data-id=\"3cc1ba4\" data-element_type=\"widget\" data-e-type=\"widget\" data-widget_type=\"heading.default\">\n\t\t\t\t\t<h3 class=\"elementor-heading-title elementor-size-default\">5. Destinataris i Cessions<\/h3>\t\t\t\t<\/div>\n\t\t\t\t<div class=\"elementor-element elementor-element-7b81177 elementor-widget elementor-widget-text-editor\" data-id=\"7b81177\" data-element_type=\"widget\" data-e-type=\"widget\" data-widget_type=\"text-editor.default\">\n\t\t\t\t\t\t\t\t\t<p data-path-to-node=\"18\">Home Partners no ven ni cedeix dades a tercers amb finalitats comercials. Les dades nom\u00e9s podran ser comunicades a:<\/p><ul data-path-to-node=\"19\"><li><p id=\"p-rc_ab6207191865a1bd-131\" data-path-to-node=\"19,0,0\"><span data-path-to-node=\"19,0,0,1\"><span class=\"citation-266\">T\u00e8cnics, arquitectes o constructores, exclusivament sota la teva autoritzaci\u00f3 i en el marc del servei d&#8217;autopromoci\u00f3<\/span><\/span><span data-path-to-node=\"19,0,0,3\">.<\/span><\/p><\/li><li><p id=\"p-rc_ab6207191865a1bd-132\" data-path-to-node=\"19,1,0\"><span data-path-to-node=\"19,1,0,1\"><span class=\"citation-265\">Entitats banc\u00e0ries, en cas de sol\u00b7licitar el servei de gesti\u00f3 de finan\u00e7ament<\/span><\/span><span data-path-to-node=\"19,1,0,3\">.<\/span><\/p><\/li><li><p data-path-to-node=\"19,2,0\">Autoritats p\u00fabliques, quan hi hagi una obligaci\u00f3 legal.<\/p><\/li><\/ul>\t\t\t\t\t\t\t\t<\/div>\n\t\t\t\t<div class=\"elementor-element elementor-element-6431ab2 elementor-widget elementor-widget-heading\" data-id=\"6431ab2\" data-element_type=\"widget\" data-e-type=\"widget\" data-widget_type=\"heading.default\">\n\t\t\t\t\t<h3 class=\"elementor-heading-title elementor-size-default\">6. Drets de l'usuari<\/h3>\t\t\t\t<\/div>\n\t\t\t\t<div class=\"elementor-element elementor-element-40fa000 elementor-widget elementor-widget-text-editor\" data-id=\"40fa000\" data-element_type=\"widget\" data-e-type=\"widget\" data-widget_type=\"text-editor.default\">\n\t\t\t\t\t\t\t\t\t<p data-path-to-node=\"21\">Tens dret a:<\/p><ul data-path-to-node=\"22\"><li><p data-path-to-node=\"22,0,0\"><b data-path-to-node=\"22,0,0\" data-index-in-node=\"0\">Accedir<\/b> a les teves dades personals.<\/p><\/li><li><p data-path-to-node=\"22,1,0\"><b data-path-to-node=\"22,1,0\" data-index-in-node=\"0\">Rectificar<\/b> dades inexactes.<\/p><\/li><li><p data-path-to-node=\"22,2,0\"><b data-path-to-node=\"22,2,0\" data-index-in-node=\"0\">Suprimir<\/b> les dades quan ja no siguin necess\u00e0ries.<\/p><\/li><li><p data-path-to-node=\"22,3,0\"><b data-path-to-node=\"22,3,0\" data-index-in-node=\"0\">Oposar-te<\/b> o limitar-ne el tractament.<\/p><\/li><li><p data-path-to-node=\"22,4,0\"><b data-path-to-node=\"22,4,0\" data-index-in-node=\"0\">Portabilitat<\/b> de les dades.<\/p><\/li><\/ul><p data-path-to-node=\"23\">Per exercir aquests drets, pots enviar una comunicaci\u00f3 escrita al nostre correu de contacte adjuntant una c\u00f2pia del teu DNI.<\/p>\t\t\t\t\t\t\t\t<\/div>\n\t\t\t\t<div class=\"elementor-element elementor-element-93b7373 elementor-widget elementor-widget-heading\" data-id=\"93b7373\" data-element_type=\"widget\" data-e-type=\"widget\" data-widget_type=\"heading.default\">\n\t\t\t\t\t<h3 class=\"elementor-heading-title elementor-size-default\">7. Seguretat i IA<\/h3>\t\t\t\t<\/div>\n\t\t\t\t<div class=\"elementor-element elementor-element-deb13f6 elementor-widget elementor-widget-text-editor\" data-id=\"deb13f6\" data-element_type=\"widget\" data-e-type=\"widget\" data-widget_type=\"text-editor.default\">\n\t\t\t\t\t\t\t\t\t<p data-path-to-node=\"25\">En l&#8217;\u00fas d&#8217;eines d&#8217;Intel\u00b7lig\u00e8ncia Artificial per a l&#8217;optimitzaci\u00f3 de processos interns de Home Partners, s&#8217;aplica una cl\u00e0usula restrictiva: la IA no est\u00e0 autoritzada a divulgar informaci\u00f3 que no estigui expl\u00edcitament continguda en els documents oficials del nostre Pla Estrat\u00e8gic. Per a qualsevol dubte no resolt de forma automatitzada, la consulta ser\u00e0 derivada directament a la direcci\u00f3.<\/p>\t\t\t\t\t\t\t\t<\/div>\n\t\t\t\t\t<\/div>\n\t\t\t\t<\/div>\n\t\t\t\t<\/div>","protected":false},"excerpt":{"rendered":"<p>Pol\u00edtica de Privacitat A Home Partners Consultors (d&#8217;ara endavant, &#8220;Home Partners&#8221;), la confidencialitat i la protecci\u00f3 de les dades dels nostres clients s\u00f3n pilars fonamentals de la nostra relaci\u00f3 de confian\u00e7a. En compliment del Reglament General de Protecci\u00f3 de Dades (RGPD) i la normativa local aplicable, detallem com tractem la teva informaci\u00f3. 1. Responsable del [&hellip;]<\/p>\n","protected":false},"author":1,"featured_media":0,"parent":0,"menu_order":0,"comment_status":"closed","ping_status":"closed","template":"elementor_theme","meta":{"_monsterinsights_skip_tracking":false,"_monsterinsights_sitenote_active":false,"_monsterinsights_sitenote_note":"","_monsterinsights_sitenote_category":0,"footnotes":""},"class_list":["post-250","page","type-page","status-publish","hentry"],"_links":{"self":[{"href":"https:\/\/home-partners.eu\/es\/wp-json\/wp\/v2\/pages\/250","targetHints":{"allow":["GET"]}}],"collection":[{"href":"https:\/\/home-partners.eu\/es\/wp-json\/wp\/v2\/pages"}],"about":[{"href":"https:\/\/home-partners.eu\/es\/wp-json\/wp\/v2\/types\/page"}],"author":[{"embeddable":true,"href":"https:\/\/home-partners.eu\/es\/wp-json\/wp\/v2\/users\/1"}],"replies":[{"embeddable":true,"href":"https:\/\/home-partners.eu\/es\/wp-json\/wp\/v2\/comments?post=250"}],"version-history":[{"count":17,"href":"https:\/\/home-partners.eu\/es\/wp-json\/wp\/v2\/pages\/250\/revisions"}],"predecessor-version":[{"id":1194,"href":"https:\/\/home-partners.eu\/es\/wp-json\/wp\/v2\/pages\/250\/revisions\/1194"}],"wp:attachment":[{"href":"https:\/\/home-partners.eu\/es\/wp-json\/wp\/v2\/media?parent=250"}],"curies":[{"name":"wp","href":"https:\/\/api.w.org\/{rel}","templated":true}]}}