{"id":1057,"date":"2026-04-10T07:46:37","date_gmt":"2026-04-10T07:46:37","guid":{"rendered":"https:\/\/home-partners.eu\/?page_id=1057"},"modified":"2026-04-10T08:21:05","modified_gmt":"2026-04-10T08:21:05","slug":"reserva-sessio-inicial-gratuita","status":"publish","type":"page","link":"https:\/\/home-partners.eu\/es\/reserva-sessio-inicial-gratuita\/","title":{"rendered":"Reserva sessi\u00f3 inicial gratu\u00efta"},"content":{"rendered":"<div data-elementor-type=\"wp-post\" data-elementor-id=\"1057\" class=\"elementor elementor-1057\">\n\t\t\t\t<div class=\"elementor-element elementor-element-b93c477 e-flex e-con-boxed e-con e-parent\" data-id=\"b93c477\" data-element_type=\"container\" data-e-type=\"container\">\n\t\t\t\t\t<div class=\"e-con-inner\">\n\t\t\t\t<div class=\"elementor-element elementor-element-26a5c69 elementor-widget elementor-widget-image\" data-id=\"26a5c69\" data-element_type=\"widget\" data-e-type=\"widget\" data-widget_type=\"image.default\">\n\t\t\t\t\t\t\t\t\t\t\t\t\t\t\t<img decoding=\"async\" width=\"296\" height=\"140\" src=\"https:\/\/home-partners.eu\/wp-content\/uploads\/2026\/03\/53eb7e77-af01-442d-b475-d80c7509371b.webp\" class=\"attachment-medium_large size-medium_large wp-image-732\" alt=\"\" srcset=\"https:\/\/home-partners.eu\/wp-content\/uploads\/2026\/03\/53eb7e77-af01-442d-b475-d80c7509371b.webp 296w, https:\/\/home-partners.eu\/wp-content\/uploads\/2026\/03\/53eb7e77-af01-442d-b475-d80c7509371b-18x9.webp 18w, https:\/\/home-partners.eu\/wp-content\/uploads\/2026\/03\/elementor\/thumbs\/53eb7e77-af01-442d-b475-d80c7509371b-rl4l753vqu8ozmaxj9lm7d4v2hmbb8ne5o6trdjq64.webp 150w\" sizes=\"(max-width: 296px) 100vw, 296px\" \/>\t\t\t\t\t\t\t\t\t\t\t\t\t\t\t<\/div>\n\t\t\t\t<div class=\"elementor-element elementor-element-9bb9198 elementor-widget elementor-widget-heading\" data-id=\"9bb9198\" data-element_type=\"widget\" data-e-type=\"widget\" data-widget_type=\"heading.default\">\n\t\t\t\t\t<h3 class=\"elementor-heading-title elementor-size-default\">Reserva tu sesi\u00f3n inicial gratuita<\/h3>\t\t\t\t<\/div>\n\t\t\t\t\t<\/div>\n\t\t\t\t<\/div>\n\t\t<div class=\"elementor-element elementor-element-5e38f27 e-con-full e-flex e-con e-parent\" data-id=\"5e38f27\" data-element_type=\"container\" data-e-type=\"container\">\n\t\t<div class=\"elementor-element elementor-element-6cba7d4 e-con-full e-flex e-con e-child\" data-id=\"6cba7d4\" data-element_type=\"container\" data-e-type=\"container\">\n\t\t\t\t<div class=\"elementor-element elementor-element-dca34d9 elementor-view-default elementor-position-block-start elementor-mobile-position-block-start elementor-widget elementor-widget-icon-box\" data-id=\"dca34d9\" data-element_type=\"widget\" data-e-type=\"widget\" data-widget_type=\"icon-box.default\">\n\t\t\t\t\t\t\t<div class=\"elementor-icon-box-wrapper\">\n\n\t\t\t\t\t\t<div class=\"elementor-icon-box-icon\">\n\t\t\t\t<a href=\"https:\/\/calendar.app.google\/NePkxYeGBuFyoqzD9\" target=\"_blank\" class=\"elementor-icon\" tabindex=\"-1\" aria-label=\"Sesi\u00f3n presencial\">\n\t\t\t\t<svg aria-hidden=\"true\" class=\"e-font-icon-svg e-fas-street-view\" viewbox=\"0 0 512 512\" xmlns=\"http:\/\/www.w3.org\/2000\/svg\"><path d=\"M367.9 329.76c-4.62 5.3-9.78 10.1-15.9 13.65v22.94c66.52 9.34 112 28.05 112 49.65 0 30.93-93.12 56-208 56S48 446.93 48 416c0-21.6 45.48-40.3 112-49.65v-22.94c-6.12-3.55-11.28-8.35-15.9-13.65C58.87 345.34 0 378.05 0 416c0 53.02 114.62 96 256 96s256-42.98 256-96c0-37.95-58.87-70.66-144.1-86.24zM256 128c35.35 0 64-28.65 64-64S291.35 0 256 0s-64 28.65-64 64 28.65 64 64 64zm-64 192v96c0 17.67 14.33 32 32 32h64c17.67 0 32-14.33 32-32v-96c17.67 0 32-14.33 32-32v-96c0-26.51-21.49-48-48-48h-11.8c-11.07 5.03-23.26 8-36.2 8s-25.13-2.97-36.2-8H208c-26.51 0-48 21.49-48 48v96c0 17.67 14.33 32 32 32z\"><\/path><\/svg>\t\t\t\t<\/a>\n\t\t\t<\/div>\n\t\t\t\n\t\t\t\t\t\t<div class=\"elementor-icon-box-content\">\n\n\t\t\t\t\t\t\t\t\t<h4 class=\"elementor-icon-box-title\">\n\t\t\t\t\t\t<a href=\"https:\/\/calendar.app.google\/NePkxYeGBuFyoqzD9\" target=\"_blank\" >\n\t\t\t\t\t\t\tSesi\u00f3n presencial\t\t\t\t\t\t<\/a>\n\t\t\t\t\t<\/h4>\n\t\t\t\t\n\t\t\t\t\t\t\t\t\t<p class=\"elementor-icon-box-description\">\n\t\t\t\t\t\tNos encontraremos en nuestras oficinas de Manresa\t\t\t\t\t<\/p>\n\t\t\t\t\n\t\t\t<\/div>\n\t\t\t\n\t\t<\/div>\n\t\t\t\t\t\t<\/div>\n\t\t\t\t<\/div>\n\t\t<div class=\"elementor-element elementor-element-e601f5c e-con-full e-flex e-con e-child\" data-id=\"e601f5c\" data-element_type=\"container\" data-e-type=\"container\">\n\t\t\t\t<div class=\"elementor-element elementor-element-609f7b6 elementor-widget__width-initial elementor-view-default elementor-position-block-start elementor-mobile-position-block-start elementor-widget elementor-widget-icon-box\" data-id=\"609f7b6\" data-element_type=\"widget\" data-e-type=\"widget\" data-widget_type=\"icon-box.default\">\n\t\t\t\t\t\t\t<div class=\"elementor-icon-box-wrapper\">\n\n\t\t\t\t\t\t<div class=\"elementor-icon-box-icon\">\n\t\t\t\t<a href=\"https:\/\/calendar.app.google\/j3nLdzt5xzUpWCzs5\" class=\"elementor-icon\" tabindex=\"-1\" aria-label=\"Sesi\u00f3n online\">\n\t\t\t\t<svg aria-hidden=\"true\" class=\"e-font-icon-svg e-fas-laptop-house\" viewbox=\"0 0 640 512\" xmlns=\"http:\/\/www.w3.org\/2000\/svg\"><path d=\"M272,288H208a16,16,0,0,1-16-16V208a16,16,0,0,1,16-16h64a16,16,0,0,1,16,16v37.12C299.11,232.24,315,224,332.8,224H469.74l6.65-7.53A16.51,16.51,0,0,0,480,207a16.31,16.31,0,0,0-4.75-10.61L416,144V48a16,16,0,0,0-16-16H368a16,16,0,0,0-16,16V87.3L263.5,8.92C258,4,247.45,0,240.05,0s-17.93,4-23.47,8.92L4.78,196.42A16.15,16.15,0,0,0,0,207a16.4,16.4,0,0,0,3.55,9.39L22.34,237.7A16.22,16.22,0,0,0,33,242.48,16.51,16.51,0,0,0,42.34,239L64,219.88V384a32,32,0,0,0,32,32H272ZM629.33,448H592V288c0-17.67-12.89-32-28.8-32H332.8c-15.91,0-28.8,14.33-28.8,32V448H266.67A10.67,10.67,0,0,0,256,458.67v10.66A42.82,42.82,0,0,0,298.6,512H597.4A42.82,42.82,0,0,0,640,469.33V458.67A10.67,10.67,0,0,0,629.33,448ZM544,448H352V304H544Z\"><\/path><\/svg>\t\t\t\t<\/a>\n\t\t\t<\/div>\n\t\t\t\n\t\t\t\t\t\t<div class=\"elementor-icon-box-content\">\n\n\t\t\t\t\t\t\t\t\t<h4 class=\"elementor-icon-box-title\">\n\t\t\t\t\t\t<a href=\"https:\/\/calendar.app.google\/j3nLdzt5xzUpWCzs5\" >\n\t\t\t\t\t\t\tSesi\u00f3n online\t\t\t\t\t\t<\/a>\n\t\t\t\t\t<\/h4>\n\t\t\t\t\n\t\t\t\t\t\t\t\t\t<p class=\"elementor-icon-box-description\">\n\t\t\t\t\t\tSin tener que desplazarte, por videoconferencia\t\t\t\t\t<\/p>\n\t\t\t\t\n\t\t\t<\/div>\n\t\t\t\n\t\t<\/div>\n\t\t\t\t\t\t<\/div>\n\t\t\t\t<\/div>\n\t\t\t\t<\/div>\n\t\t<div class=\"elementor-element elementor-element-d3311f5 e-flex e-con-boxed e-con e-parent\" data-id=\"d3311f5\" data-element_type=\"container\" data-e-type=\"container\">\n\t\t\t\t\t<div class=\"e-con-inner\">\n\t\t\t\t<div class=\"elementor-element elementor-element-1a7f802 elementor-widget elementor-widget-text-editor\" data-id=\"1a7f802\" data-element_type=\"widget\" data-e-type=\"widget\" data-widget_type=\"text-editor.default\">\n\t\t\t\t\t\t\t\t\t<p style=\"text-align: center;\"><strong>Reserva f\u00e1cilmente con el sistema de concertaci\u00f3n de citas. Te estaremos esperando el d\u00eda y hora que eligas.<\/strong><\/p>\t\t\t\t\t\t\t\t<\/div>\n\t\t\t\t\t<\/div>\n\t\t\t\t<\/div>\n\t\t\t\t<\/div>","protected":false},"excerpt":{"rendered":"<p>Reserva la teva sessi\u00f3 inicial gratu\u00efta Sessi\u00f3 presencial Ens trobarem a les nostres oficines de Manresa Sessi\u00f3 online Sense haver-te de despla\u00e7ar, per videoconfer\u00e8ncia Reserva f\u00e0cilment amb el sistema de concertaci\u00f3 de cites. T&#8217;estarem esperant el dia i hora que tri\u00efs.<\/p>","protected":false},"author":1,"featured_media":0,"parent":0,"menu_order":0,"comment_status":"closed","ping_status":"closed","template":"page-with-title","meta":{"_monsterinsights_skip_tracking":false,"_monsterinsights_sitenote_active":false,"_monsterinsights_sitenote_note":"","_monsterinsights_sitenote_category":0,"footnotes":""},"class_list":["post-1057","page","type-page","status-publish","hentry"],"_links":{"self":[{"href":"https:\/\/home-partners.eu\/es\/wp-json\/wp\/v2\/pages\/1057","targetHints":{"allow":["GET"]}}],"collection":[{"href":"https:\/\/home-partners.eu\/es\/wp-json\/wp\/v2\/pages"}],"about":[{"href":"https:\/\/home-partners.eu\/es\/wp-json\/wp\/v2\/types\/page"}],"author":[{"embeddable":true,"href":"https:\/\/home-partners.eu\/es\/wp-json\/wp\/v2\/users\/1"}],"replies":[{"embeddable":true,"href":"https:\/\/home-partners.eu\/es\/wp-json\/wp\/v2\/comments?post=1057"}],"version-history":[{"count":7,"href":"https:\/\/home-partners.eu\/es\/wp-json\/wp\/v2\/pages\/1057\/revisions"}],"predecessor-version":[{"id":1073,"href":"https:\/\/home-partners.eu\/es\/wp-json\/wp\/v2\/pages\/1057\/revisions\/1073"}],"wp:attachment":[{"href":"https:\/\/home-partners.eu\/es\/wp-json\/wp\/v2\/media?parent=1057"}],"curies":[{"name":"wp","href":"https:\/\/api.w.org\/{rel}","templated":true}]}}